{"id":14,"date":"2015-10-20T22:13:42","date_gmt":"2015-10-20T20:13:42","guid":{"rendered":"http:\/\/startup.campingmoorbad.de\/?page_id=14"},"modified":"2022-06-19T15:15:26","modified_gmt":"2022-06-19T13:15:26","slug":"campingplatz","status":"publish","type":"page","link":"https:\/\/campingmoorbad.de\/?page_id=14","title":{"rendered":"Campingplatz"},"content":{"rendered":"<div class=\"smallHead\" style=\"text-align: left\" align=\"center\"><big><big><big><big>Herzlich willkommen<\/big><\/big><\/big><\/big><\/p>\n<div class=\"smallHead\" style=\"text-align: left\" align=\"center\">\n<p>auf dem<\/p>\n<p>Campingplatz am Moorbad in Herlazhofen<\/p>\n<p>bei Leutkirch im Allg\u00e4u.<\/p>\n<\/div>\n<p>Sie suchen Erholung f\u00fcr sich und die ganze Familie?<\/p>\n<p>Dann ist dies der ideale Platz f\u00fcr Sie und alle, die das Allg\u00e4u und seine wunderbaren Sehensw\u00fcrdigkeiten erleben wollen.<\/p>\n<p>An unseren Campingplatz grenzt ein Moorsee und eine idyllische Umgebung mit vielen Wander- und Radwegen.<br \/>\nDirekt anliegt zum Campingplatz befindet sich ein kleiner Bauernhof mit K\u00fchen und Pferden, welches das L\u00e4ndliche Bild abrunden.<\/p>\n<p>Die Lage des Campingplatzes am Moorbad macht ihn zu einem idealen Ausgangspunkt f\u00fcr erlebnisreiche Ausfl\u00fcge, vielf\u00e4ltige sportliche Aktivit\u00e4ten oder aber auch einfach zum Entspannen.<\/p>\n<p><big>Unser Campingplatz ist dieses Jahr vom 15.April bis zum 15.Oktober f\u00fcr Sie ge\u00f6ffnet. <\/big><\/p>\n<p>Wir w\u00fcrden uns freuen, Sie bald auf unserem Campingplatz begr\u00fc\u00dfen zu d\u00fcrfen.<\/p>\n<p>Ihre Familie Riedle<\/p>\n<\/div>\n","protected":false},"excerpt":{"rendered":"<p>Herzlich willkommen auf dem Campingplatz am Moorbad in Herlazhofen bei Leutkirch im Allg\u00e4u. Sie suchen Erholung f\u00fcr sich und die ganze Familie? Dann ist dies der ideale Platz f\u00fcr Sie und alle, die das Allg\u00e4u und seine wunderbaren Sehensw\u00fcrdigkeiten erleben wollen. An unseren Campingplatz grenzt ein Moorsee und eine idyllische Umgebung mit vielen Wander- und &hellip; <\/p>\n<p class=\"link-more\"><a href=\"https:\/\/campingmoorbad.de\/?page_id=14\" class=\"more-link\"><span class=\"screen-reader-text\">\u201eCampingplatz\u201c <\/span>weiterlesen<\/a><\/p>\n","protected":false},"author":1,"featured_media":0,"parent":0,"menu_order":0,"comment_status":"closed","ping_status":"closed","template":"","meta":{"jetpack_post_was_ever_published":false,"footnotes":""},"class_list":["post-14","page","type-page","status-publish","hentry"],"jetpack_sharing_enabled":true,"jetpack_shortlink":"https:\/\/wp.me\/PaNeyC-e","_links":{"self":[{"href":"https:\/\/campingmoorbad.de\/index.php?rest_route=\/wp\/v2\/pages\/14","targetHints":{"allow":["GET"]}}],"collection":[{"href":"https:\/\/campingmoorbad.de\/index.php?rest_route=\/wp\/v2\/pages"}],"about":[{"href":"https:\/\/campingmoorbad.de\/index.php?rest_route=\/wp\/v2\/types\/page"}],"author":[{"embeddable":true,"href":"https:\/\/campingmoorbad.de\/index.php?rest_route=\/wp\/v2\/users\/1"}],"replies":[{"embeddable":true,"href":"https:\/\/campingmoorbad.de\/index.php?rest_route=%2Fwp%2Fv2%2Fcomments&post=14"}],"version-history":[{"count":2,"href":"https:\/\/campingmoorbad.de\/index.php?rest_route=\/wp\/v2\/pages\/14\/revisions"}],"predecessor-version":[{"id":742,"href":"https:\/\/campingmoorbad.de\/index.php?rest_route=\/wp\/v2\/pages\/14\/revisions\/742"}],"wp:attachment":[{"href":"https:\/\/campingmoorbad.de\/index.php?rest_route=%2Fwp%2Fv2%2Fmedia&parent=14"}],"curies":[{"name":"wp","href":"https:\/\/api.w.org\/{rel}","templated":true}]}}