{"id":16,"date":"2015-10-22T17:42:12","date_gmt":"2015-10-22T17:42:12","guid":{"rendered":"http:\/\/startup.campingmoorbad.de\/?page_id=16"},"modified":"2018-07-22T18:39:20","modified_gmt":"2018-07-22T16:39:20","slug":"dauercamping","status":"publish","type":"page","link":"https:\/\/campingmoorbad.de\/?page_id=16","title":{"rendered":"Dauercamping"},"content":{"rendered":"<p>\u00dcber 200 unserer Stellpl\u00e4tze sind Dauerstellpl\u00e4tze, die w\u00e4rend unserer Saison (15.April bis 15.Oktober) genutz werden k\u00f6nnen. Im Winterhalbjahr ist der Campingplatz geschlossen, jedoch kann der Wohnwagen etc. \u00fcber den Winter gegen Geb\u00fchr auf dem Stellplatz verweilen.<\/p>\n<p>Jeder dieser Stellpl\u00e4tze kann \u00fcber einen eigenen Wasser, Abwasser (Grauwasser) und Stromanschluss verf\u00fcgen. Die Fl\u00e4chen der einzelnen Stellpl\u00e4tze sind zwischen 80 und 160qm gro\u00df. Demenstprechend variieren auch die jeweiligen Mieten f\u00fcr die einzelen Stellpl\u00e4tze.<\/p>\n<p>Aktuell sind nur wenige Stellpl\u00e4tze verf\u00fcgbar. Bei interesse senden Sie uns bitte eine email mit ihren Anforderungen und w\u00fcnschen f\u00fcr einen Dauerstellplatz und wir setzen Sie gerne auf die Warteliste.<\/p>\n<p>Besichtigung nach Terminvereinbarung von Montag bis Samstag m\u00f6glich (ausgenommen Feiertage)<\/p>\n<div class=\"csc-textpic-text\">\n<p class=\"bodytext\">F\u00fcr unsere Dauercampingg\u00e4ste ist die Schranke f\u00fcr die Zufahrt mit dem Auto von 15. M\u00e4rz bis 15. November ge\u00f6ffnet.\u00a0Zu Fu\u00df k\u00f6nnen Sie den\u00a0Platz jederzeit erreichen.<\/p>\n<p class=\"bodytext\">Gerne k\u00f6nnen\u00a0Sie sich unseren Platz anschauen.<br \/>\nWir freuen uns auf Ihren Besuch!<\/p>\n<\/div>\n","protected":false},"excerpt":{"rendered":"<p>\u00dcber 200 unserer Stellpl\u00e4tze sind Dauerstellpl\u00e4tze, die w\u00e4rend unserer Saison (15.April bis 15.Oktober) genutz werden k\u00f6nnen. Im Winterhalbjahr ist der Campingplatz geschlossen, jedoch kann der Wohnwagen etc. \u00fcber den Winter gegen Geb\u00fchr auf dem Stellplatz verweilen. Jeder dieser Stellpl\u00e4tze kann \u00fcber einen eigenen Wasser, Abwasser (Grauwasser) und Stromanschluss verf\u00fcgen. Die Fl\u00e4chen der einzelnen Stellpl\u00e4tze sind &hellip; <\/p>\n<p class=\"link-more\"><a href=\"https:\/\/campingmoorbad.de\/?page_id=16\" class=\"more-link\"><span class=\"screen-reader-text\">\u201eDauercamping\u201c <\/span>weiterlesen<\/a><\/p>\n","protected":false},"author":1,"featured_media":0,"parent":0,"menu_order":0,"comment_status":"closed","ping_status":"closed","template":"","meta":{"jetpack_post_was_ever_published":false,"footnotes":""},"class_list":["post-16","page","type-page","status-publish","hentry"],"jetpack_sharing_enabled":true,"jetpack_shortlink":"https:\/\/wp.me\/PaNeyC-g","_links":{"self":[{"href":"https:\/\/campingmoorbad.de\/index.php?rest_route=\/wp\/v2\/pages\/16","targetHints":{"allow":["GET"]}}],"collection":[{"href":"https:\/\/campingmoorbad.de\/index.php?rest_route=\/wp\/v2\/pages"}],"about":[{"href":"https:\/\/campingmoorbad.de\/index.php?rest_route=\/wp\/v2\/types\/page"}],"author":[{"embeddable":true,"href":"https:\/\/campingmoorbad.de\/index.php?rest_route=\/wp\/v2\/users\/1"}],"replies":[{"embeddable":true,"href":"https:\/\/campingmoorbad.de\/index.php?rest_route=%2Fwp%2Fv2%2Fcomments&post=16"}],"version-history":[{"count":1,"href":"https:\/\/campingmoorbad.de\/index.php?rest_route=\/wp\/v2\/pages\/16\/revisions"}],"predecessor-version":[{"id":303,"href":"https:\/\/campingmoorbad.de\/index.php?rest_route=\/wp\/v2\/pages\/16\/revisions\/303"}],"wp:attachment":[{"href":"https:\/\/campingmoorbad.de\/index.php?rest_route=%2Fwp%2Fv2%2Fmedia&parent=16"}],"curies":[{"name":"wp","href":"https:\/\/api.w.org\/{rel}","templated":true}]}}