{"id":18,"date":"2018-04-22T22:35:31","date_gmt":"2018-04-22T20:35:31","guid":{"rendered":"http:\/\/startup.campingmoorbad.de\/?page_id=18"},"modified":"2025-08-06T15:46:18","modified_gmt":"2025-08-06T13:46:18","slug":"touristencamping","status":"publish","type":"page","link":"https:\/\/campingmoorbad.de\/?page_id=18","title":{"rendered":"Touristencamping"},"content":{"rendered":"<p>F\u00fcr unsere Touristen und Durchreisende haben wir verschiedene Touristikpl\u00e4tze in unterschiedlichen Lagen. z.B am Rande des Campingplatzen, mit kurzen wegen zu den Sanit\u00e4renanlage oder sogar direkt am See.<\/p>\n<p>Alle Stellpl\u00e4tze verf\u00fcgen \u00fcber einen Stromanschluss.<\/p>\n<p>Wasser und Grauwasseranschluss (50mm) stehen an nicht allen Stellpl\u00e4tzen zur verf\u00fcgung. \u00dcber unsere Buchungsportal ist die Verf\u00fcgbarkeit und Lage f\u00fcr jeden Stellplatz einzel einsehbar.<\/p>\n<p>Die Zufahrt zum Campingplatz wird von 2 Schrankenanlagen reguliert. Es gelten Mittags- (12:00 bis 14:00 Uhr) und Nachruhe (22:00 bis 7:00 Uhr) wo die Schranken nicht befahrbar sind.<\/p>\n<p><strong>Eine Anreise ist t\u00e4glich von 14 bis 21 Uhr m\u00f6glich.<\/strong>\u00a0<strong>Am Abreisetag ist der Stellplatz bis 11:30 Uhr zu r\u00e4umen.<\/strong><\/p>\n<h1>Buchung<\/h1>\n<p>Aufgrund von einer hohen Nachfrage empfehlen wir eine Reservierung 2 Wochen vor dem geplanten Aufenthalt. Zur buchung nutzen Sie bitte unser Online Buchungssystem.<\/p>\n<p>Vorteile beim Online Buchung:<\/p>\n<ul>\n<li>Check-In Vor Ort entf\u00e4llt. In weniger wie 5 Minuten nach Anreise stehen Sie auf dem Stellplatz.<\/li>\n<li>W\u00e4hlen Sie Ihren Stellplatz. Mit\/Ohne Strom und Schatten morgens\/Mittags\/Abends. Wie Sie m\u00f6chten.<\/li>\n<li>Wichtige Camping Informationen erhalten Sie Vor Anreise per mail.<\/li>\n<\/ul>\n<h1><a href=\"https:\/\/campingmoorbad.campalot.de\/de\">HIER KLICKEN UND BUCHEN<\/a><\/h1>\n<p><strong>Buchungsbedingungen und Gesch\u00e4ftsbedingungen <\/strong><\/p>\n<p><strong>Zum \u00f6ffnen hier klicken: <a href=\"https:\/\/campingmoorbad.de\/wp-content\/uploads\/2021\/04\/agbs.pdf\">agbs<\/a><\/strong><\/p>\n","protected":false},"excerpt":{"rendered":"<p>F\u00fcr unsere Touristen und Durchreisende haben wir verschiedene Touristikpl\u00e4tze in unterschiedlichen Lagen. z.B am Rande des Campingplatzen, mit kurzen wegen zu den Sanit\u00e4renanlage oder sogar direkt am See. Alle Stellpl\u00e4tze verf\u00fcgen \u00fcber einen Stromanschluss. Wasser und Grauwasseranschluss (50mm) stehen an nicht allen Stellpl\u00e4tzen zur verf\u00fcgung. \u00dcber unsere Buchungsportal ist die Verf\u00fcgbarkeit und Lage f\u00fcr jeden &hellip; <\/p>\n<p class=\"link-more\"><a href=\"https:\/\/campingmoorbad.de\/?page_id=18\" class=\"more-link\"><span class=\"screen-reader-text\">\u201eTouristencamping\u201c <\/span>weiterlesen<\/a><\/p>\n","protected":false},"author":1,"featured_media":0,"parent":0,"menu_order":0,"comment_status":"closed","ping_status":"closed","template":"","meta":{"jetpack_post_was_ever_published":false,"footnotes":""},"class_list":["post-18","page","type-page","status-publish","hentry"],"jetpack_sharing_enabled":true,"jetpack_shortlink":"https:\/\/wp.me\/PaNeyC-i","_links":{"self":[{"href":"https:\/\/campingmoorbad.de\/index.php?rest_route=\/wp\/v2\/pages\/18","targetHints":{"allow":["GET"]}}],"collection":[{"href":"https:\/\/campingmoorbad.de\/index.php?rest_route=\/wp\/v2\/pages"}],"about":[{"href":"https:\/\/campingmoorbad.de\/index.php?rest_route=\/wp\/v2\/types\/page"}],"author":[{"embeddable":true,"href":"https:\/\/campingmoorbad.de\/index.php?rest_route=\/wp\/v2\/users\/1"}],"replies":[{"embeddable":true,"href":"https:\/\/campingmoorbad.de\/index.php?rest_route=%2Fwp%2Fv2%2Fcomments&post=18"}],"version-history":[{"count":13,"href":"https:\/\/campingmoorbad.de\/index.php?rest_route=\/wp\/v2\/pages\/18\/revisions"}],"predecessor-version":[{"id":952,"href":"https:\/\/campingmoorbad.de\/index.php?rest_route=\/wp\/v2\/pages\/18\/revisions\/952"}],"wp:attachment":[{"href":"https:\/\/campingmoorbad.de\/index.php?rest_route=%2Fwp%2Fv2%2Fmedia&parent=18"}],"curies":[{"name":"wp","href":"https:\/\/api.w.org\/{rel}","templated":true}]}}