{"id":20,"date":"2015-10-22T14:56:24","date_gmt":"2015-10-22T12:56:24","guid":{"rendered":"http:\/\/startup.campingmoorbad.de\/?page_id=20"},"modified":"2024-01-25T15:08:36","modified_gmt":"2024-01-25T13:08:36","slug":"ferienwohnungen","status":"publish","type":"page","link":"https:\/\/campingmoorbad.de\/?page_id=20","title":{"rendered":"Ferienwohnung  Riedle"},"content":{"rendered":"<p>Wir hei\u00dfen Sie herzlich Willkommen in unserer Ferienwohnung uns unserer Region. Unsere Wohnung gl\u00e4nzt durch mehreren einzigartige Einrichtungsgegenst\u00e4nde aus eigener Hand. Funktional und modern beschreibt unsere Wohnung nicht im Ansatz&#8230;<\/p>\n<p>Die Wohnung besticht durch Handwerkskunst* in Form von Holz, Fliesen und Kunst, welche die Wohnung einzigartig im Erlebnis macht, f\u00fcr das Maximum an Erholung.<\/p>\n<p>Die Lage:<\/p>\n<ul>\n<li>Spielplatz f\u00fcr Kinder in Sichtweite<\/li>\n<li>Waschmaschine und Trockner im Nachbargeb\u00e4ude gegen Entgeld<\/li>\n<li>Badespa\u00df inklusive mit direktem Seezugang in 150m<\/li>\n<li>Entdecken Sie das Landleben in unmittelbarer n\u00e4he eines Bauerhofes<\/li>\n<li>Entdecken Sie das Ruhe im angrenzeden Wald<\/li>\n<\/ul>\n<p>Highlights:<\/p>\n<ul>\n<li>Doppelbett (2m x 2m) im Hauptschlafzimmer<\/li>\n<li>Einzelbett (2m x0,90m) im zweiten Schlafzimmer<\/li>\n<li>K\u00fcche mit K\u00fchl-Gefrierschrank, Herd mit Backofen, Kaffeemaschine, Sp\u00fclmaschine, Toaster, Wasserkocher etc.<\/li>\n<li>Wohnbereich mit Schlafsofa, Schaukelstuhl, TV, Internet Radio, Alexa Assistent etc.<\/li>\n<li>Essbereich f\u00fcr 4 Personen.<\/li>\n<li>Balkon mit Sitzbereich<\/li>\n<li><strong>kostenloses WLAN in der Wohnung mit bis zu 100 Mbit\/s<\/strong><\/li>\n<li>W\u00e4schest\u00e4nder, Staubsauger, Putzausr\u00fcstung etc.<\/li>\n<li>Handt\u00fccher und Bettbezug inkl.<\/li>\n<li><strong>Parkplatz vor der Wohnung mit Ladestation (Typ2) f\u00fcr E-Auto oder E-Motorrad<\/strong><\/li>\n<\/ul>\n<p>Ausflugsziele:<\/p>\n<ul>\n<li>Center Parcs Allg\u00e4u (4,5km)<\/li>\n<\/ul>\n<p>Mindestaufenthalt 3 N\u00e4chte.<\/p>\n<p><strong>Preis:<\/strong><\/p>\n<p>100\u20ac f\u00fcr 1 Person\u00a0\u00a0 +\u00a0 10\u20ac f\u00fcr jede weitere Person \/jeweils pro Nacht<\/p>\n<p><a href=\"https:\/\/campingmoorbad.campalot.de\" target=\"_blank\" rel=\"noopener\"><strong>Hier klicken und gleich buchen<\/strong><\/a><\/p>\n<p>Fragen zur Wohnung bitte an:<\/p>\n<p><strong>Mail:\u00a0<\/strong> \u00a0\u00a0\u00a0\u00a0\u00a0\u00a0 info@campingmoorbad.de<\/p>\n<p><strong>Telefon:\u00a0<\/strong> 07561\/9886870<\/p>\n<script type=\"text\/javascript\">\r\ndocument.addEventListener(\"DOMContentLoaded\", function(event) { \r\n\tjQuery( '#slider-pro-3-787' ).sliderPro({\r\n\t\t\/\/width\r\n\t\t\t\twidth: 1000,\r\n\t\t\t\t\r\n\t\t\/\/height\r\n\t\t\t\theight: 500,\r\n\t\t\t\t\r\n\t\t\/\/auto play\r\n\t\t\t\tautoplay:  true,\r\n\t\tautoplayOnHover: 'none',\r\n\t\t\t\t\t\t\t\tautoplayDelay: 5000,\r\n\t\t\r\n\t\t\r\n\t\tarrows: true,\r\n\t\tbuttons: true,\r\n\t\tsmallSize: 500,\r\n\t\tmediumSize: 1000,\r\n\t\tlargeSize: 3000,\r\n\t\tfade: true,\r\n\t\t\r\n\t\t\/\/thumbnail\r\n\t\tthumbnailArrows: true,\r\n\t\tthumbnailWidth: 120,\r\n\t\tthumbnailHeight: 120,\r\n\t\t\t\t\t\tthumbnailsPosition: 'bottom',\r\n\t\t\t\t\t\tcenterImage: true,\r\n\t\timageScaleMode: 'cover',\r\n\t\tallowScaleUp: true,\r\n\t\t\t\tstartSlide: 0,\r\n\t\tloop: true,\r\n\t\tslideDistance: 5,\r\n\t\tautoplayDirection: 'normal',\r\n\t\ttouchSwipe: true,\r\n\t\tfullScreen: true,\r\n\t});\r\n});\r\n<\/script>\r\n\r\n<div id=\"uris-slider-title\">\r\n\t<h3 class=\"uris-slider-post-title\">Ferienwohnung<\/h3>\r\n<\/div>\r\n\t\t<div id=\"slider-pro-3-787\" class=\"slider-pro\">\r\n\t\t\t<!---- slides div start ---->\r\n\t\t\t<div class=\"sp-slides\">\r\n\t\t\t\t\t\t\t\t\t\t<div class=\"sp-slide\">\r\n\t\t\t\t\t\t\t<img decoding=\"async\" class=\"sp-image\" loading=\"lazy\" alt=\"Wohnbereich\" src=\"https:\/\/campingmoorbad.de\/wp-content\/plugins\/ultimate-responsive-image-slider\/assets\/css\/images\/blank.gif\" data-src=\"https:\/\/campingmoorbad.de\/wp-content\/uploads\/2023\/03\/Wohnbereich-scaled.jpg\" \/>\r\n\r\n\t\t\t\t\t\t\t\r\n\t\t\t\t\t\t\t\t\t\t\t\t\t<\/div>\r\n\t\t\t\t\t\t\t\t\t\t\t\t<div class=\"sp-slide\">\r\n\t\t\t\t\t\t\t<img decoding=\"async\" class=\"sp-image\" loading=\"lazy\" alt=\"Badezimmer\" src=\"https:\/\/campingmoorbad.de\/wp-content\/plugins\/ultimate-responsive-image-slider\/assets\/css\/images\/blank.gif\" data-src=\"https:\/\/campingmoorbad.de\/wp-content\/uploads\/2023\/03\/Badezimmer-scaled.jpg\" \/>\r\n\r\n\t\t\t\t\t\t\t\r\n\t\t\t\t\t\t\t\t\t\t\t\t\t<\/div>\r\n\t\t\t\t\t\t\t\t\t\t\t\t<div class=\"sp-slide\">\r\n\t\t\t\t\t\t\t<img decoding=\"async\" class=\"sp-image\" loading=\"lazy\" alt=\"Dusche\" src=\"https:\/\/campingmoorbad.de\/wp-content\/plugins\/ultimate-responsive-image-slider\/assets\/css\/images\/blank.gif\" data-src=\"https:\/\/campingmoorbad.de\/wp-content\/uploads\/2023\/03\/Dusche-scaled.jpg\" \/>\r\n\r\n\t\t\t\t\t\t\t\r\n\t\t\t\t\t\t\t\t\t\t\t\t\t<\/div>\r\n\t\t\t\t\t\t\t\t\t\t\t\t<div class=\"sp-slide\">\r\n\t\t\t\t\t\t\t<img decoding=\"async\" class=\"sp-image\" loading=\"lazy\" alt=\"K\u00fcche rechts\" src=\"https:\/\/campingmoorbad.de\/wp-content\/plugins\/ultimate-responsive-image-slider\/assets\/css\/images\/blank.gif\" data-src=\"https:\/\/campingmoorbad.de\/wp-content\/uploads\/2023\/03\/Kueche-rechts-scaled.jpg\" \/>\r\n\r\n\t\t\t\t\t\t\t\r\n\t\t\t\t\t\t\t\t\t\t\t\t\t<\/div>\r\n\t\t\t\t\t\t\t\t\t\t\t\t<div class=\"sp-slide\">\r\n\t\t\t\t\t\t\t<img decoding=\"async\" class=\"sp-image\" loading=\"lazy\" alt=\"K\u00fcche links\" src=\"https:\/\/campingmoorbad.de\/wp-content\/plugins\/ultimate-responsive-image-slider\/assets\/css\/images\/blank.gif\" data-src=\"https:\/\/campingmoorbad.de\/wp-content\/uploads\/2023\/03\/Kueche-links-scaled.jpg\" \/>\r\n\r\n\t\t\t\t\t\t\t\r\n\t\t\t\t\t\t\t\t\t\t\t\t\t<\/div>\r\n\t\t\t\t\t\t\t\t\t\t\t\t<div class=\"sp-slide\">\r\n\t\t\t\t\t\t\t<img decoding=\"async\" class=\"sp-image\" loading=\"lazy\" alt=\"Schlafzimmer1\" src=\"https:\/\/campingmoorbad.de\/wp-content\/plugins\/ultimate-responsive-image-slider\/assets\/css\/images\/blank.gif\" data-src=\"https:\/\/campingmoorbad.de\/wp-content\/uploads\/2023\/03\/Schlafzimmer1-scaled.jpg\" \/>\r\n\r\n\t\t\t\t\t\t\t\r\n\t\t\t\t\t\t\t\t\t\t\t\t\t<\/div>\r\n\t\t\t\t\t\t\t\t\t\t\t\t<div class=\"sp-slide\">\r\n\t\t\t\t\t\t\t<img decoding=\"async\" class=\"sp-image\" loading=\"lazy\" alt=\"Eingangsbereich\" src=\"https:\/\/campingmoorbad.de\/wp-content\/plugins\/ultimate-responsive-image-slider\/assets\/css\/images\/blank.gif\" data-src=\"https:\/\/campingmoorbad.de\/wp-content\/uploads\/2023\/03\/Eingangsbereich-scaled.jpg\" \/>\r\n\r\n\t\t\t\t\t\t\t\r\n\t\t\t\t\t\t\t\t\t\t\t\t\t<\/div>\r\n\t\t\t\t\t\t\t\t\t\t\t\t<div class=\"sp-slide\">\r\n\t\t\t\t\t\t\t<img decoding=\"async\" class=\"sp-image\" loading=\"lazy\" alt=\"Einzelbettzimmer\" src=\"https:\/\/campingmoorbad.de\/wp-content\/plugins\/ultimate-responsive-image-slider\/assets\/css\/images\/blank.gif\" data-src=\"https:\/\/campingmoorbad.de\/wp-content\/uploads\/2023\/03\/Einzelbettzimmer-scaled.jpg\" \/>\r\n\r\n\t\t\t\t\t\t\t\r\n\t\t\t\t\t\t\t\t\t\t\t\t\t<\/div>\r\n\t\t\t\t\t\t\t\t\t\t\t\t<div class=\"sp-slide\">\r\n\t\t\t\t\t\t\t<img decoding=\"async\" class=\"sp-image\" loading=\"lazy\" alt=\"Einzelbettzimmer\" src=\"https:\/\/campingmoorbad.de\/wp-content\/plugins\/ultimate-responsive-image-slider\/assets\/css\/images\/blank.gif\" data-src=\"https:\/\/campingmoorbad.de\/wp-content\/uploads\/2023\/03\/Einzelbettzimmer-scaled.jpg\" \/>\r\n\r\n\t\t\t\t\t\t\t\r\n\t\t\t\t\t\t\t\t\t\t\t\t\t<\/div>\r\n\t\t\t\t\t\t\t\t\t<\/div>\r\n\t\t\t\r\n\t\t\t<!---- slides div end ---->\r\n\t\t\t\t\t\t<!-- slides thumbnails div start -->\r\n\t\t\t<div class=\"sp-thumbnails\">\r\n\t\t\t\t\t\t\t\t\t\t<img decoding=\"async\" class=\"sp-thumbnail\" loading=\"lazy\" src=\"https:\/\/campingmoorbad.de\/wp-content\/plugins\/ultimate-responsive-image-slider\/assets\/img\/loading.gif\" data-src=\"https:\/\/campingmoorbad.de\/wp-content\/uploads\/2023\/03\/Wohnbereich-300x225.jpg\" alt=\"Wohnbereich\"\/>\r\n\t\t\t\t\t\t\t\t\t\t\t<img decoding=\"async\" class=\"sp-thumbnail\" loading=\"lazy\" src=\"https:\/\/campingmoorbad.de\/wp-content\/plugins\/ultimate-responsive-image-slider\/assets\/img\/loading.gif\" data-src=\"https:\/\/campingmoorbad.de\/wp-content\/uploads\/2023\/03\/Badezimmer-225x300.jpg\" alt=\"Badezimmer\"\/>\r\n\t\t\t\t\t\t\t\t\t\t\t<img decoding=\"async\" class=\"sp-thumbnail\" loading=\"lazy\" src=\"https:\/\/campingmoorbad.de\/wp-content\/plugins\/ultimate-responsive-image-slider\/assets\/img\/loading.gif\" data-src=\"https:\/\/campingmoorbad.de\/wp-content\/uploads\/2023\/03\/Dusche-225x300.jpg\" alt=\"Dusche\"\/>\r\n\t\t\t\t\t\t\t\t\t\t\t<img decoding=\"async\" class=\"sp-thumbnail\" loading=\"lazy\" src=\"https:\/\/campingmoorbad.de\/wp-content\/plugins\/ultimate-responsive-image-slider\/assets\/img\/loading.gif\" data-src=\"https:\/\/campingmoorbad.de\/wp-content\/uploads\/2023\/03\/Kueche-rechts-225x300.jpg\" alt=\"K\u00fcche rechts\"\/>\r\n\t\t\t\t\t\t\t\t\t\t\t<img decoding=\"async\" class=\"sp-thumbnail\" loading=\"lazy\" src=\"https:\/\/campingmoorbad.de\/wp-content\/plugins\/ultimate-responsive-image-slider\/assets\/img\/loading.gif\" data-src=\"https:\/\/campingmoorbad.de\/wp-content\/uploads\/2023\/03\/Kueche-links-225x300.jpg\" alt=\"K\u00fcche links\"\/>\r\n\t\t\t\t\t\t\t\t\t\t\t<img decoding=\"async\" class=\"sp-thumbnail\" loading=\"lazy\" src=\"https:\/\/campingmoorbad.de\/wp-content\/plugins\/ultimate-responsive-image-slider\/assets\/img\/loading.gif\" data-src=\"https:\/\/campingmoorbad.de\/wp-content\/uploads\/2023\/03\/Schlafzimmer1-300x225.jpg\" alt=\"Schlafzimmer1\"\/>\r\n\t\t\t\t\t\t\t\t\t\t\t<img decoding=\"async\" class=\"sp-thumbnail\" loading=\"lazy\" src=\"https:\/\/campingmoorbad.de\/wp-content\/plugins\/ultimate-responsive-image-slider\/assets\/img\/loading.gif\" data-src=\"https:\/\/campingmoorbad.de\/wp-content\/uploads\/2023\/03\/Eingangsbereich-225x300.jpg\" alt=\"Eingangsbereich\"\/>\r\n\t\t\t\t\t\t\t\t\t\t\t<img decoding=\"async\" class=\"sp-thumbnail\" loading=\"lazy\" src=\"https:\/\/campingmoorbad.de\/wp-content\/plugins\/ultimate-responsive-image-slider\/assets\/img\/loading.gif\" data-src=\"https:\/\/campingmoorbad.de\/wp-content\/uploads\/2023\/03\/Einzelbettzimmer-300x225.jpg\" alt=\"Einzelbettzimmer\"\/>\r\n\t\t\t\t\t\t\t\t\t\t\t<img decoding=\"async\" class=\"sp-thumbnail\" loading=\"lazy\" src=\"https:\/\/campingmoorbad.de\/wp-content\/plugins\/ultimate-responsive-image-slider\/assets\/img\/loading.gif\" data-src=\"https:\/\/campingmoorbad.de\/wp-content\/uploads\/2023\/03\/Einzelbettzimmer-300x225.jpg\" alt=\"Einzelbettzimmer\"\/>\r\n\t\t\t\t\t\t\t\t<\/div>\r\n\t\t\t\t\t\t<!-- slides thumbnails div end -->\r\n\t\t<\/div>\r\n\t\t<style>\r\n\/* Layout 3 *\/\r\n\/* border *\/\r\n#slider-pro-3-787 .sp-selected-thumbnail {\r\n\tborder: 4px solid #000000;\r\n}\r\n\r\n\/* font + color *\/\r\n.title-in  {\r\n\tfont-family: Arial !important;\r\n\tcolor: #FFFFFF !important;\r\n\tbackground-color: #000000 !important;\r\n\topacity: 0.7 !important;\r\n}\r\n.desc-in  {\r\n\tfont-family: Arial !important;\r\n\tcolor: #FFFFFF !important;\r\n\tbackground-color: #00000 !important;\r\n\topacity: 0.7 !important;\r\n}\r\n\r\n\/* bullets color *\/\r\n.sp-button  {\r\n\tborder: 2px solid #000000 !important;\r\n}\r\n.sp-selected-button  {\r\n\tbackground-color: #000000 !important;\r\n}\r\n\r\n\/* pointer color - bottom *\/\r\n.sp-selected-thumbnail::before {\r\n\tborder-bottom: 5px solid #000000 !important;\r\n}\r\n.sp-selected-thumbnail::after {\r\n\tborder-bottom: 13px solid #000000 !important;\r\n}\r\n\r\n\/* pointer color - top *\/\r\n\r\n\/* full screen icon *\/\r\n.sp-full-screen-button::before {\r\n    color: #FFFFFF !important;\r\n}\r\n\r\n\/* hover navigation icon color *\/\r\n.sp-next-arrow::after, .sp-next-arrow::before {\r\n\tbackground-color: #FFFFFF !important;\r\n}\r\n.sp-previous-arrow::after, .sp-previous-arrow::before {\r\n\tbackground-color: #FFFFFF !important;\r\n}\r\n\r\n#slider-pro-3-787 .title-in {\r\n\tcolor: #FFFFFF !important;\r\n\tfont-weight: bolder;\r\n\ttext-align: center;\r\n}\r\n\r\n#slider-pro-3-787 .title-in-bg {\r\n\tbackground: rgba(255, 255, 255, 0.7); !important;\r\n\twhite-space: unset !important;\r\n\ttransform: initial !important;\r\n\t-webkit-transform: initial !important;\r\n\tfont-size: 14px !important;\r\n}\r\n\r\n#slider-pro-3-787 .desc-in {\r\n\tcolor: #FFFFFF !important;\r\n\ttext-align: center;\r\n}\r\n#slider-pro-3-787 .desc-in-bg {\r\n\tbackground: rgba(#00000, 0.7) !important;\r\n\twhite-space: unset !important;\r\n\ttransform: initial !important;\r\n\t-webkit-transform: initial !important;\r\n\tfont-size: 13px !important;\r\n}\r\n\r\n@media (max-width: 640px) {\r\n\t#slider-pro-3-787 .hide-small-screen {\r\n\t\tdisplay: none;\r\n\t}\r\n}\r\n\r\n@media (max-width: 860px) {\r\n\t#slider-pro-3-787 .sp-layer {\r\n\t\tfont-size: 18px;\r\n\t}\r\n\t\r\n\t#slider-pro-3-787 .hide-medium-screen {\r\n\t\tdisplay: none;\r\n\t}\r\n}\r\n.slides-not-found {\r\n\tbackground-color: #a92929;\r\n\tborder-radius: 5px;\r\n\tcolor: #fff;\r\n\tfont-family: initial;\r\n\ttext-align: center;\r\n\tpadding:12px;\r\n}\r\n\/* Custom CSS *\/\r\n<\/style>\r\n\n<p>*Handwerkskunst weil alles durch Fachkundige Handwerker umgesetzt wurde. Viele der einzigartigen Objekte durch die Vermieter Familie selbst<\/p>\n","protected":false},"excerpt":{"rendered":"<p>Wir hei\u00dfen Sie herzlich Willkommen in unserer Ferienwohnung uns unserer Region. Unsere Wohnung gl\u00e4nzt durch mehreren einzigartige Einrichtungsgegenst\u00e4nde aus eigener Hand. Funktional und modern beschreibt unsere Wohnung nicht im Ansatz&#8230; Die Wohnung besticht durch Handwerkskunst* in Form von Holz, Fliesen und Kunst, welche die Wohnung einzigartig im Erlebnis macht, f\u00fcr das Maximum an Erholung. Die &hellip; <\/p>\n<p class=\"link-more\"><a href=\"https:\/\/campingmoorbad.de\/?p=787\" class=\"more-link\"><span class=\"screen-reader-text\">\u201eFerienwohnung\u201c <\/span>weiterlesen<\/a><\/p>\n","protected":false},"author":1,"featured_media":0,"parent":0,"menu_order":0,"comment_status":"closed","ping_status":"closed","template":"","meta":{"jetpack_post_was_ever_published":false,"footnotes":""},"class_list":["post-20","page","type-page","status-publish","hentry"],"jetpack_sharing_enabled":true,"jetpack_shortlink":"https:\/\/wp.me\/PaNeyC-k","_links":{"self":[{"href":"https:\/\/campingmoorbad.de\/index.php?rest_route=\/wp\/v2\/pages\/20","targetHints":{"allow":["GET"]}}],"collection":[{"href":"https:\/\/campingmoorbad.de\/index.php?rest_route=\/wp\/v2\/pages"}],"about":[{"href":"https:\/\/campingmoorbad.de\/index.php?rest_route=\/wp\/v2\/types\/page"}],"author":[{"embeddable":true,"href":"https:\/\/campingmoorbad.de\/index.php?rest_route=\/wp\/v2\/users\/1"}],"replies":[{"embeddable":true,"href":"https:\/\/campingmoorbad.de\/index.php?rest_route=%2Fwp%2Fv2%2Fcomments&post=20"}],"version-history":[{"count":31,"href":"https:\/\/campingmoorbad.de\/index.php?rest_route=\/wp\/v2\/pages\/20\/revisions"}],"predecessor-version":[{"id":853,"href":"https:\/\/campingmoorbad.de\/index.php?rest_route=\/wp\/v2\/pages\/20\/revisions\/853"}],"wp:attachment":[{"href":"https:\/\/campingmoorbad.de\/index.php?rest_route=%2Fwp%2Fv2%2Fmedia&parent=20"}],"curies":[{"name":"wp","href":"https:\/\/api.w.org\/{rel}","templated":true}]}}