{"id":65,"date":"2015-10-22T14:39:17","date_gmt":"2015-10-22T14:39:17","guid":{"rendered":"http:\/\/startup.campingmoorbad.de\/?page_id=65"},"modified":"2025-04-17T16:19:46","modified_gmt":"2025-04-17T14:19:46","slug":"stellplaetze","status":"publish","type":"page","link":"https:\/\/campingmoorbad.de\/?page_id=65","title":{"rendered":"Campingplatz und Stellplatz Information"},"content":{"rendered":"<p><strong><u data-rich-text-format-boundary=\"true\">Stellplatzplan:<\/u><\/strong><\/p>\n<p>F\u00fcr unsere Touristen und Durchreisende haben wir 23 Stellpl\u00e4tze zur Verf\u00fcgung. Auf der folgenden \u00dcbersicht sehen Sie die Lage der verschiedenen Stellpl\u00e4tze. Die gleiche \u00fcbersicht erhalten Sie auch \u00fcber unser Buchungsportal, \u00fcber welchen Sie ihren Wunschstellplatz direkt buchen k\u00f6nnen.<\/p>\n\n\n<figure class=\"wp-block-image size-large\"><a href=\"https:\/\/campingmoorbad.de\/wp-content\/uploads\/2025\/04\/grafik-1.png\"><img loading=\"lazy\" decoding=\"async\" width=\"1024\" height=\"685\" src=\"https:\/\/campingmoorbad.de\/wp-content\/uploads\/2025\/04\/grafik-1-1024x685.png\" alt=\"\" class=\"wp-image-929\" srcset=\"https:\/\/campingmoorbad.de\/wp-content\/uploads\/2025\/04\/grafik-1-1024x685.png 1024w, https:\/\/campingmoorbad.de\/wp-content\/uploads\/2025\/04\/grafik-1-300x201.png 300w, https:\/\/campingmoorbad.de\/wp-content\/uploads\/2025\/04\/grafik-1-768x513.png 768w, https:\/\/campingmoorbad.de\/wp-content\/uploads\/2025\/04\/grafik-1-1536x1027.png 1536w, https:\/\/campingmoorbad.de\/wp-content\/uploads\/2025\/04\/grafik-1.png 1759w\" sizes=\"auto, (max-width: 767px) 89vw, (max-width: 1000px) 54vw, (max-width: 1071px) 543px, 580px\" \/><\/a><\/figure>\n\n\n\n<p><strong><u>Campingplatz Informationen:<\/u><\/strong><\/p>\n\n\n\n<ul class=\"wp-block-list\">\n<li>Schranken \u00d6ffnungszeiten: 7:00 \u2013 12:00 und 14:00 \u2013 22:00 Uhr<\/li>\n\n\n\n<li>Auf dem Campinggel\u00e4nde und im Zufahrtsbereich gilt Schritttempo<\/li>\n\n\n\n<li>\u00d6ffnungszeiten Wasch u. Sp\u00fclr\u00e4ume: 6:00 \u2013 22:00 Uhr<\/li>\n\n\n\n<li>In allen Geb\u00e4uden und auf dem Kinderspielplatz gilt Rauch verbot.<\/li>\n\n\n\n<li>F\u00fcr Warm Duschen wird eine 1\u20ac M\u00fcnze (5min) ben\u00f6tigt.<\/li>\n\n\n\n<li>Am Abreisetag muss der Stellpl\u00e4tz bis 11:30 Uhr ger\u00e4umt sein, ansonsten wird ein weiterer Tag berechnet. Der Stellplatz muss sp\u00e4testens am Vortag der Abreise bezahlt werden.<\/li>\n<\/ul>\n\n\n\n<p><strong><u>Servicezeiten (Check-Out, Warenverkauf, Fragen etc.)<\/u><\/strong><\/p>\n\n\n\n<ul class=\"wp-block-list\">\n<li>Montag bis Sonntag:\u00a0\u00a0\u00a0\u00a0\u00a0 10:00 \u2013 12:00 Uhr und 14:00 \u2013 18:00 Uhr<\/li>\n<\/ul>\n\n\n\n<p><strong><u>Ruhezeiten<\/u><\/strong><\/p>\n\n\n\n<ul class=\"wp-block-list\">\n<li>Nachtruhe:\u00a0\u00a0\u00a0\u00a0\u00a0\u00a0\u00a0 22:00 \u2013 7:00 Uhr<\/li>\n\n\n\n<li>Mittagsruhe:\u00a0\u00a0\u00a0\u00a0 12:00 \u2013 14:00 Uhr<\/li>\n<\/ul>\n\n\n\n<p>Musik ist in dieser Zeit abzustellen und die Gespr\u00e4ches Lautst\u00e4rke ist zu reduzieren.<\/p>\n\n\n\n<p><strong><u>Grillen und Brandschutz<\/u><\/strong><\/p>\n\n\n\n<p>Das Grillen ist nur mit einem Gas- oder Elektrogrill gestattet.<\/p>\n\n\n\n<p><strong><u>Hunde<\/u><\/strong><\/p>\n\n\n\n<p>Besitzer von Hunden bitten wir die Tiere stets an der Leine zu halten.<\/p>\n\n\n\n<p>Das Betreten des Badeplatzes und Zugang zum See ist untersagt. Bitte denken Sie auch daran die Hinterlassenschaften des Hundes auf Wiesen, Wegen und im Wald zu entfernen und \u00fcber den Restm\u00fcll zu entsorge.<\/p>\n\n\n\n<p>Listenhunden (Auch Kampfhunde genannt) ist der Aufenthalt untersagt.<\/p>\n","protected":false},"excerpt":{"rendered":"<p>Stellplatzplan: F\u00fcr unsere Touristen und Durchreisende haben wir 23 Stellpl\u00e4tze zur Verf\u00fcgung. Auf der folgenden \u00dcbersicht sehen Sie die Lage der verschiedenen Stellpl\u00e4tze. Die gleiche \u00fcbersicht erhalten Sie auch \u00fcber unser Buchungsportal, \u00fcber welchen Sie ihren Wunschstellplatz direkt buchen k\u00f6nnen. Campingplatz Informationen: Servicezeiten (Check-Out, Warenverkauf, Fragen etc.) Ruhezeiten Musik ist in dieser Zeit abzustellen und &hellip; <\/p>\n<p class=\"link-more\"><a href=\"https:\/\/campingmoorbad.de\/?page_id=65\" class=\"more-link\"><span class=\"screen-reader-text\">\u201eCampingplatz und Stellplatz Information\u201c <\/span>weiterlesen<\/a><\/p>\n","protected":false},"author":1,"featured_media":0,"parent":0,"menu_order":0,"comment_status":"closed","ping_status":"closed","template":"","meta":{"jetpack_post_was_ever_published":false,"footnotes":""},"class_list":["post-65","page","type-page","status-publish","hentry"],"jetpack_sharing_enabled":true,"jetpack_shortlink":"https:\/\/wp.me\/PaNeyC-13","_links":{"self":[{"href":"https:\/\/campingmoorbad.de\/index.php?rest_route=\/wp\/v2\/pages\/65","targetHints":{"allow":["GET"]}}],"collection":[{"href":"https:\/\/campingmoorbad.de\/index.php?rest_route=\/wp\/v2\/pages"}],"about":[{"href":"https:\/\/campingmoorbad.de\/index.php?rest_route=\/wp\/v2\/types\/page"}],"author":[{"embeddable":true,"href":"https:\/\/campingmoorbad.de\/index.php?rest_route=\/wp\/v2\/users\/1"}],"replies":[{"embeddable":true,"href":"https:\/\/campingmoorbad.de\/index.php?rest_route=%2Fwp%2Fv2%2Fcomments&post=65"}],"version-history":[{"count":6,"href":"https:\/\/campingmoorbad.de\/index.php?rest_route=\/wp\/v2\/pages\/65\/revisions"}],"predecessor-version":[{"id":931,"href":"https:\/\/campingmoorbad.de\/index.php?rest_route=\/wp\/v2\/pages\/65\/revisions\/931"}],"wp:attachment":[{"href":"https:\/\/campingmoorbad.de\/index.php?rest_route=%2Fwp%2Fv2%2Fmedia&parent=65"}],"curies":[{"name":"wp","href":"https:\/\/api.w.org\/{rel}","templated":true}]}}