{"id":76,"date":"2015-10-22T15:34:36","date_gmt":"2015-10-22T15:34:36","guid":{"rendered":"http:\/\/startup.campingmoorbad.de\/?page_id=76"},"modified":"2025-01-12T18:25:34","modified_gmt":"2025-01-12T16:25:34","slug":"geschichte","status":"publish","type":"page","link":"https:\/\/campingmoorbad.de\/?page_id=76","title":{"rendered":"Geschichte"},"content":{"rendered":"<p>Bereits in den 50er Jahren war der See ein Beliebter Badeort aus nah und fern.<\/p>\n<p>Die Ersten \u00dcbernachtungsg\u00e4ste (also Camper) kamen dann 1959 zu uns an den See. Damals mit dem \u00fcblichen Komfort in Form eines Plumpsklos und einem Brunnen f\u00fcr Frisches Wasser.<\/p>\n<p>1966 kam das Erste Campinggeb\u00e4ude mit sanit\u00e4ren Anlagen, einer K\u00fcche und eines Aufenthaltsraumes hinzu.<br \/>\nAnfangs mit dem N\u00f6tigsten ausgestattet, kamen mit der Zeit immer mehr Services dazu, die zur heutigen Zeit nicht mehr weg zu denken sind.<\/p>\n<p>Im Jahre 1978 bot unser Campingplatz eine Wirtschaft und die zur damaligen Zeit modernen Sanit\u00e4ranlagen. Also alles, was das Camper herz 1978 begehrte.<\/p>\n<p>1987 wurde das Verwaltungs- und Gastwirtschaftsgeb\u00e4ude erweitert und der komplette Au\u00dfenbereich \u00fcberarbeitet. Zu dieser Zeit verf\u00fcgten schon die meisten Stellpl\u00e4tze \u00fcber Wasser, Abwasser und Stromanschluss. Seit dem wuchs auch der Spielplatz f\u00fcr die kleinen G\u00e4ste stetig.<\/p>\n<p>In den 90er Jahren erweiterten wir unser Campinggeb\u00e4ude um eine neue Sanit\u00e4ranlage, die wiederum in den letzten Jahren weiter \u00fcberarbeitet wurde um den Anspr\u00fcchen unserer G\u00e4ste gerecht zu werden. Des Weiteren haben wir eine Ferienwohnung mit Blick auf den Moorsee eingerichtet.<\/p>\n<p>2010 wurde des Campingstromnetz auf den neuesten Stand gebracht und in diesem Jahr wurde der komplette Empfangsbereich weiter versch\u00f6nert.<\/p>\n<p>2022 Wurde das Angebot mit einer neuen Ferienwohnung erweitert<\/p>\n<hr \/>\n","protected":false},"excerpt":{"rendered":"<p>Bereits in den 50er Jahren war der See ein Beliebter Badeort aus nah und fern. Die Ersten \u00dcbernachtungsg\u00e4ste (also Camper) kamen dann 1959 zu uns an den See. Damals mit dem \u00fcblichen Komfort in Form eines Plumpsklos und einem Brunnen f\u00fcr Frisches Wasser. 1966 kam das Erste Campinggeb\u00e4ude mit sanit\u00e4ren Anlagen, einer K\u00fcche und eines &hellip; <\/p>\n<p class=\"link-more\"><a href=\"https:\/\/campingmoorbad.de\/?page_id=76\" class=\"more-link\"><span class=\"screen-reader-text\">\u201eGeschichte\u201c <\/span>weiterlesen<\/a><\/p>\n","protected":false},"author":1,"featured_media":0,"parent":0,"menu_order":0,"comment_status":"closed","ping_status":"closed","template":"","meta":{"jetpack_post_was_ever_published":false,"footnotes":""},"class_list":["post-76","page","type-page","status-publish","hentry"],"jetpack_sharing_enabled":true,"jetpack_shortlink":"https:\/\/wp.me\/PaNeyC-1e","_links":{"self":[{"href":"https:\/\/campingmoorbad.de\/index.php?rest_route=\/wp\/v2\/pages\/76","targetHints":{"allow":["GET"]}}],"collection":[{"href":"https:\/\/campingmoorbad.de\/index.php?rest_route=\/wp\/v2\/pages"}],"about":[{"href":"https:\/\/campingmoorbad.de\/index.php?rest_route=\/wp\/v2\/types\/page"}],"author":[{"embeddable":true,"href":"https:\/\/campingmoorbad.de\/index.php?rest_route=\/wp\/v2\/users\/1"}],"replies":[{"embeddable":true,"href":"https:\/\/campingmoorbad.de\/index.php?rest_route=%2Fwp%2Fv2%2Fcomments&post=76"}],"version-history":[{"count":1,"href":"https:\/\/campingmoorbad.de\/index.php?rest_route=\/wp\/v2\/pages\/76\/revisions"}],"predecessor-version":[{"id":914,"href":"https:\/\/campingmoorbad.de\/index.php?rest_route=\/wp\/v2\/pages\/76\/revisions\/914"}],"wp:attachment":[{"href":"https:\/\/campingmoorbad.de\/index.php?rest_route=%2Fwp%2Fv2%2Fmedia&parent=76"}],"curies":[{"name":"wp","href":"https:\/\/api.w.org\/{rel}","templated":true}]}}